{"id":3,"date":"2019-01-31T23:04:14","date_gmt":"2019-01-31T22:04:14","guid":{"rendered":"http:\/\/www.autoservicedaldoss.it\/19\/?page_id=3"},"modified":"2022-01-05T16:38:57","modified_gmt":"2022-01-05T15:38:57","slug":"privacy","status":"publish","type":"page","link":"https:\/\/www.autoservicedaldoss.it\/index.php\/privacy\/","title":{"rendered":"Datenschutz &#038; Impressum"},"content":{"rendered":"<div class=\"fusion-fullwidth fullwidth-box fusion-builder-row-1 nonhundred-percent-fullwidth non-hundred-percent-height-scrolling\" style=\"background-color: #20232c;background-position: center center;background-repeat: no-repeat;padding-top:0px;padding-right:0px;padding-bottom:0px;padding-left:0px;margin-bottom: 0px;margin-top: 0px;border-width: 0px 0px 0px 0px;border-color:rgba(255,255,255,0);border-style:solid;\" ><div class=\"fusion-builder-row fusion-row\"><div class=\"fusion-layout-column fusion_builder_column fusion-builder-column-0 fusion_builder_column_1_1 1_1 fusion-one-full fusion-column-first fusion-column-last\" style=\"margin-top:0px;margin-bottom:0px;\"><div class=\"fusion-column-wrapper fusion-flex-column-wrapper-legacy\" style=\"background-position:left top;background-repeat:no-repeat;-webkit-background-size:cover;-moz-background-size:cover;-o-background-size:cover;background-size:cover;padding: 0px 0px 0px 0px;\"><div class=\"fusion-text fusion-text-1\"><p><span style=\"color: #999999;\"><\/span><\/p>\n<h2><span style=\"color: #999999;\">IMPRESSUM<\/span><\/h2>\n<p><span style=\"color: #999999;\">Besitzer der Webseite:<\/span><\/p>\n<p><span style=\"color: #999999;\"><strong>AUTOSERVICE DALDOSS des Daldoss Werner<br \/><\/strong><strong>Handwerkerzone\/Zona Artigianale 1 \u2013\u00a0<\/strong><strong>39040 Aldein\/Aldino (BZ)<br \/><\/strong><strong>MwSt.-Nr.\/Part. IVA: 02568590216 \u2013\u00a0<\/strong><strong>Steuer-Nr.\/Cod. Fisc.: DLDWNR72H24A952G<\/strong><\/span><\/p>\n<p><span style=\"color: #999999;\">Grafik: <strong>ROGAA Design<br \/><\/strong>Fotos:\u00a0<strong>ROGAA Design<\/strong><\/span><\/p>\n<h2><span style=\"color: #999999;\">PRIVACY<\/span><\/h2>\n<p><span style=\"color: #999999;\"><strong>AUTOSERVICE DALDOSS des Daldoss Werner<br \/><\/strong><strong>Handwerkerzone\/Zona Artigianale 1<br \/><\/strong><strong>39040 Aldein\/Aldino (BZ)<br \/><\/strong><strong>Tel. +39 0471\/886652<br \/><\/strong><strong>MwSt.-Nr.\/Part. IVA: 02568590216<br \/><\/strong><strong>Steuer-Nr.\/Cod. Fisc.: DLDWNR72H24A952G<br \/><\/strong><strong>Web: www.autoservicedaldoss.it<br \/><\/strong><strong>E-Mail: autoservicedaldoss@hotmail.de<br \/><\/strong><strong>PEC-Mail: autoservicedaldoss@secure-pec.it<\/strong><\/span><\/p>\n<p><span style=\"color: #999999;\">In Sinne der <strong>VERORDNUNG (EU) 2016\/679 DES EUROP\u00c4ISCHEN PARLAMENTS UND DES RATES<\/strong> informieren wir dar\u00fcber, dass wir pers\u00f6nliche Daten von Kunden und Lieferanten sowie Daten von Personen verarbeiten, die unserem Betrieb ihre Personalien willentlich (pers\u00f6nlich, telefonisch, per Fax oder per E-Mail) sowie durch Registrierung auf unserer Webseite mitteilen, sowie von Personen, deren Daten durch Dritte, zum Beispiel bei der Erfassung von externen Daten f\u00fcr gesch\u00e4ftliche Informationen, \u00f6ffentlichen Verzeichnissen usw. \u00fcbernommen wurden, wobei es sich im letzteren Fall ausschlie\u00dflich um pers\u00f6nliche Daten gemeiner \/gew\u00f6hnlicher Art und Natur handelt.<\/span><\/p>\n<p><span style=\"color: #999999;\">Unser Betrieb garantiert im Rahmen der gesetzlichen Vorgaben, dass die Verarbeitung der pers\u00f6nlichen Daten unter Ber\u00fccksichtigung der grundlegenden Rechte und Freiheiten sowie der W\u00fcrde des Betroffenen, mit besonderem Bezug auf die Geheimhaltung, die pers\u00f6nliche Identit\u00e4t und das Recht auf Schutz der pers\u00f6nlichen Daten, erfolgt.<\/span><\/p>\n<p><span style=\"color: #999999;\"><strong>Ziel- und Zweckstellungen bei der Datenverarbeitung:<\/strong><\/span><\/p>\n<ul>\n<li><span style=\"color: #999999;\">Erf\u00fcllung von gesetzlichen Pflichten, Pflichten aus Verordnungen, Gemeinschaftsnormen sowie zivil- und steuerrechtlichen Gesetzen<\/span><\/li>\n<li><span style=\"color: #999999;\">Erf\u00fcllung eventueller vertraglicher Verpflichtungen gegen\u00fcber dem Betroffenen<\/span><\/li>\n<li><span style=\"color: #999999;\">Erf\u00fcllung von T\u00e4tigkeiten in Verbindung mit der Gesch\u00e4ftst\u00e4tigkeit unserer Gesellschaft, wie das Ausf\u00fcllen von internen Statistiken, zur Rechnungslegung sowie zur F\u00fchrung der Kunden-\/Lieferantenbuchhaltung<\/span><\/li>\n<li><span style=\"color: #999999;\">Zielstellungen gesch\u00e4ftlicher Art wie die Zusendung von Gesch\u00e4ftsinformationen und Werbematerial (per Post, Fax und E-Mail), Marketing und Marktuntersuchungen<\/span><\/li>\n<li><span style=\"color: #999999;\">Schutz der Forderungen und Verwaltung der Verbindlichkeiten<\/span><\/li>\n<li><span style=\"color: #999999;\">Zielstellungen hinsichtlich Versicherungen, insbesondere Kreditversicherungen<\/span><\/li>\n<li><span style=\"color: #999999;\">Bereich der Bekanntmachung und Verbreitung der Daten.<\/span><\/li>\n<\/ul>\n<p><span style=\"color: #999999;\"><strong>In Bezug auf die oben angegebenen Zielstellungen werden Ihre pers\u00f6nlichen Daten bei Bedarf weitergeleitet:<\/strong><\/span><\/p>\n<ul>\n<li><span style=\"color: #999999;\">an die \u00f6ffentlichen Verwaltungen und Beh\u00f6rden, wenn dies gesetzlich vorgesehen ist<\/span><\/li>\n<li><span style=\"color: #999999;\">an Kreditinstitute, mit denen unsere Firma Gesch\u00e4ftsbeziehungen zur Verwaltung von Forderungen\/Verbindlichkeiten und zur Finanzierungsvermittlung unterh\u00e4lt<\/span><\/li>\n<li><span style=\"color: #999999;\">an alle jenen nat\u00fcrlichen und\/oder juristischen, \u00f6ffentlichen und\/oder privaten Personen (Rechts-, Verwaltungs- und Steuerberatungsb\u00fcros, Gerichte, Handelskammern usw.), wenn sich die Weiterleitung als notwendig oder zur Aus\u00fcbung unserer T\u00e4tigkeit zweckdienlich erweist.<\/span><\/li>\n<li><span style=\"color: #999999;\">an Lieferanten\/Hersteller, f\u00fcr die Ausf\u00fchrung der Auftr\u00e4ge<\/span><\/li>\n<li><span style=\"color: #999999;\">Die von unserer Firma verarbeiteten, pers\u00f6nlichen Daten unterliegen keiner Verbreitung.<\/span><\/li>\n<\/ul>\n<p><span style=\"color: #999999;\"><strong>Welche Informationen sammeln wir von Ihnen und f\u00fcr wie lange?<\/strong><\/span><\/p>\n<p><span style=\"color: #999999;\"><strong>1.\u00a0 Informationen vom Benutzer zur Verf\u00fcgung gestellt und automatisch gesammelt<\/strong><\/span><\/p>\n<p><span style=\"color: #999999;\">Die pers\u00f6nlichen Daten, die von unserer Firma gespeichert werden, werden direkt von Kunden oder Dritten gesammelt, wie in der Hypothese, dass das Unternehmen Daten von externen Firmen f\u00fcr kommerzielle Information, Marktforschung, direkte Angebote von Produkten oder Dienstleistungen erwirbt. F\u00fcr diese letzte Art von Daten wird ein informativer Hinweis zum Zeitpunkt ihrer Registrierung oder auf jeden Fall nicht sp\u00e4ter als die erste m\u00f6gliche Mitteilung zur Verf\u00fcgung gestellt.<\/span><\/p>\n<p><span style=\"color: #999999;\">Dar\u00fcber hinaus kann es vorkommen, dass unser Unternehmen in Bezug auf vom Kunden angeforderte Vorg\u00e4nge Daten besitzt, die das Gesetz als \u201esensibel\u201c definiert. F\u00fcr ihre Behandlung verlangt das Gesetz eine spezifische Einwilligung der Zustimmung.<\/span><\/p>\n<p><span style=\"color: #999999;\">Bei jedem Besuch unserer Plattformen k\u00f6nnen wir gem\u00e4\u00df den geltenden Gesetzen und gegebenenfalls mit Ihrer Zustimmung Informationen \u00fcber die verwendeten Ger\u00e4te und die Netzwerke, mit denen Sie bei der Nutzung unserer Dienste verbunden sind, erfassen. Dazu k\u00f6nnen folgende Informationen geh\u00f6ren: IP-Adresse, Anmeldeinformationen, Browsertyp und -version, Browser-Plug-in-Typen und -Versionen, Betriebssystem und Plattform, Werbe-ID, Besuchsinformationen einschlie\u00dflich der Clickstream-URL zu, von und zu Unsere Plattformen, Produkte angesehen oder durchsucht, Download-Fehler, Dauer der Besuche auf bestimmten Seiten, Interaktion auf den Seiten und jede Telefonnummer verwendet, um unsere Kundendienstnummer anrufen. Wir erfassen diese Informationen mithilfe verschiedener Technologien, einschlie\u00dflich Cookies (weitere Informationen finden Sie in unserer Cookie-Richtlinie).<\/span><\/p>\n<p><span style=\"color: #999999;\"><strong>2. Datenaufbewahrung<\/strong><\/span><\/p>\n<p><span style=\"color: #999999;\">Klicken Sie auf Abschnitt Cookies, um den Aufbewahrungszeitraum der Daten zu sehen.<\/span><\/p>\n<p><span style=\"color: #999999;\"><strong>Art der Datenverarbeitung:<\/strong><\/span><\/p>\n<p><span style=\"color: #999999;\">Die Datenverarbeitung kann mit oder ohne Hilfe elektronischer, auf jeden Fall automatischer Mittel erfolgen und umfasst alle vorgesehenen und f\u00fcr die betreffende Datenverarbeitung erforderlichen Vorg\u00e4nge. In jedem Fall wird die Datenverarbeitung unter Einhaltung aller Sicherheitsma\u00dfnahmen durchgef\u00fchrt, die deren Sicherheit und Geheimhaltung gew\u00e4hrleisten.<\/span><\/p>\n<p><span style=\"color: #999999;\"><strong>Advertising online<\/strong><\/span><\/p>\n<p><span style=\"color: #999999;\">Um Werbung basierend auf Ihren Interessen anzubieten und gezielte Online-Werbung basierend auf der Verwendung von Cookies anzuzeigen, k\u00f6nnen wir die durch Cookies gesammelten Daten auch mit anderen Daten kombinieren, die wir gesammelt haben. Wenn Sie nicht m\u00f6chten, dass Informationen durch die Verwendung von Cookies verarbeitet werden, lesen Sie unseren Abschnitt Cookies, in dem Sie erfahren, wie Sie diese Informationen \u00fcberpr\u00fcfen und deaktivieren k\u00f6nnen. Wir weisen darauf hin, dass der Ausschluss von interessenbezogener Werbung nicht die Anzeige von Werbung verhindert, die nicht auf Ihren Interessen beruht.<\/span><\/p>\n<p><span style=\"color: #999999;\">Drittparteien, die als Auftragsverarbeiter einer solchen vertraglichen Verarbeitung fungieren, garantieren, dass sie die von dem Auftraggeber erhaltenen Daten nicht speichern und sie nicht f\u00fcr andere Zwecke verwenden. Unsere Vertragspartner sind vertraglich verpflichtet, dieselben Datenschutz- und Sicherheitsstandards zu verwenden, und wir stellen sicher, dass diese eingehalten werden.<\/span><\/p>\n<p><span style=\"color: #999999;\"><strong>Navigationsdaten im Rahmen unseres Internet Informationsdienstes:<\/strong><\/span><\/p>\n<p><span style=\"color: #999999;\">Die f\u00fcr die Funktion der Website www.autoservicedaldoss.it zur Verf\u00fcgung gestellten Computer-Systeme und Prozeduren erfassen w\u00e4hrend des normalen Betriebs bestimmte pers\u00f6nliche Angaben, deren \u00dcbermittlung der Benutzung von Datenaustauschprotokollen im Internet eigen ist.<\/span><\/p>\n<p><span style=\"color: #999999;\">Dabei handelt es sich um Informationen, die nicht erfasst werden, um sie identifizierten Personen zuzuordnen, sondern die aufgrund ihrer Beschaffenheit durch Verarbeitung und Verkn\u00fcpfung mit Daten im Besitz von Dritten eine Identifizierung der Benutzer erm\u00f6glichen. Zu dieser Datenkategorie geh\u00f6ren die IP- Adressen oder Domain-Namen der Computer, die eine Verbindung zur Website herstellen, die URI (Uniform Resource Identifier)-Adressen der angeforderten Ressourcen, die Zeit der Anforderung und sonstige Parameter, die sich auf die \u00dcbertragung und die Computer-Umgebung des Benutzers beziehen.<\/span><\/p>\n<p><span style=\"color: #999999;\">Diese Daten werden nur f\u00fcr die Zwecke der Sammlung anonymer statistischer Informationen bei der Benutzung der Website und der \u00dcberpr\u00fcfung von deren korrekter Funktion verwendet. Die betreffenden Daten k\u00f6nnen zur Feststellung einer Haftung im Falle von Straftaten mit Mitteln der Informationstechnik zum Schaden unserer Website benutzt werden.<\/span><\/p>\n<p><span style=\"color: #999999;\"><strong>\u00dcbertragung der Daten ins Ausland:<\/strong><\/span><\/p>\n<p><span style=\"color: #999999;\">M\u00f6glicherweise m\u00fcssen wir Ihre Daten an Dienstleister in au\u00dfereurop\u00e4ischen L\u00e4ndern (EWR) \u00fcbermitteln. Der EWR besteht aus L\u00e4ndern der Europ\u00e4ischen Union und der Schweiz, Island, Liechtenstein und Norwegen, die als L\u00e4nder mit gleichwertigen Gesetzen in Bezug auf Datenschutz und Privatsph\u00e4re gelten. Diese Art der Daten\u00fcbertragung kann auftreten, wenn sich unsere Server (d.h. wo wir Daten speichern) oder unsere Lieferanten und Dienstleister au\u00dferhalb des EWR befinden oder wenn Sie unsere Produkte und Dienstleistungen w\u00e4hrend Ihres Aufenthalts in L\u00e4ndern au\u00dferhalb des EWR nutzen aus diesem Bereich.<\/span><\/p>\n<p><span style=\"color: #999999;\">Die aktualisierte Liste der Drittl\u00e4nder, in die das Unternehmen Daten \u00fcbertragen kann, steht auf Anfrage an den Datenverantwortlichen zur Verf\u00fcgung.<\/span><\/p>\n<p><span style=\"color: #999999;\">Wenn eine solche \u00dcbertragung stattfindet, stellen wir sicher, dass sie in \u00dcbereinstimmung mit dieser Datenschutzerkl\u00e4rung erfolgt und dass sie durch von der Europ\u00e4ischen Kommission genehmigte Standardvertragsklauseln geregelt wird, die einen angemessenen Schutz f\u00fcr die Betroffenen gew\u00e4hrleisten.<\/span><\/p>\n<p><span style=\"color: #999999;\"><strong>Rechte des Betroffenen:<\/strong><\/span><\/p>\n<p><span style=\"color: #999999;\">Die Datenschutzgrundverordnung 679\/2016 verleiht dem Betroffenen die M\u00f6glichkeit zur Aus\u00fcbung bestimmter Rechte. Im Einzelnen hat er das Recht, dar\u00fcber Auskunft zu erhalten, ob und welche Daten \u00fcber ihn vorhanden sind und in verst\u00e4ndlicher Form n\u00e4here Angaben \u00fcber diese Daten, deren Herkunft und den Grund und Zweck ihrer Verarbeitung zu erfahren, sowie Angaben \u00fcber Inhaber und Verantwortliche der Verarbeitung und Personen und Kategorien von Personen, denen diese Daten m\u00f6glicherweise \u00fcbermittelt werden.<\/span><\/p>\n<p><span style=\"color: #999999;\">Der Betroffene hat das Recht, seine Daten zu aktualisieren, zu berichtigen und zu erg\u00e4nzen sowie zu beantragen, dass die Daten gel\u00f6scht, gesperrt und in anonyme Daten umgewandelt werden, falls die Verarbeitung gegen die gesetzlichen Bestimmungen verst\u00f6\u00dft. Er hat das Recht, sich aus gerechtfertigtem Grund g\u00e4nzlich oder zum Teil der Verarbeitung seiner Daten zu widersetzten, und ohne gerechtfertigtem Grund, wenn Daten zum Zwecke der Handelsinformation, des Versands von Werbematerial, des Direktverkaufs, zu Markt und Meinungsforschung verwendet werden.<\/span><\/p>\n<p><span style=\"color: #999999;\">Dar\u00fcber hinaus wird ab dem 25. Mai 2018 das Recht auf Daten\u00fcbertragbarkeit zustehen. F\u00fcr weitere Informationen wenden Sie sich bitte an den Datenverantwortlichen.<\/span><\/p>\n<p><span style=\"color: #999999;\">Wenn Sie der Meinung sind, dass Ihre Rechte verletzt wurden, haben Sie das Recht, eine Beschwerde bei der zust\u00e4ndigen Datenschutzbeh\u00f6rde (Garante della Privacy) einzureichen oder rechtliche Schritte einzuleiten.<\/span><\/p>\n<p><span style=\"color: #999999;\">Die Rechte k\u00f6nnen seitens des Betroffenen oder einer von ihm beauftragten Person, mittels Anfrage an den Verantwortlichen der Datenverarbeitung AUTOSERVICE DALDOSS des Daldoss Werner,\u00a0Handwerkerzone\/Zona Artigianale 1,\u00a039040 Aldein\/Aldino (BZ),\u00a0Tel. +39 0471\/886652 mit Einschreiben oder eMail an autoservicedaldoss@hotmail.de geltend gemacht werden.<\/span><\/p>\n<p><span style=\"color: #999999;\"><strong>Inhaber der Datenverarbeitung:<\/strong><\/span><\/p>\n<p><span style=\"color: #999999;\"><em>AUTOSERVICE DALDOSS des Daldoss Werner<\/em><\/span><br \/><span style=\"color: #999999;\"><em>Handwerkerzone\/Zona Artigianale 1<\/em><\/span><br \/><span style=\"color: #999999;\"><em>39040 Aldein\/Aldino (BZ)<\/em><\/span><br \/><span style=\"color: #999999;\"><em>Tel. +39 0471\/886652<\/em><\/span><br \/><span style=\"color: #999999;\"><em>MwSt.-Nr.\/Part. IVA: 02568590216<\/em><\/span><br \/><span style=\"color: #999999;\"><em>Steuer-Nr.\/Cod. Fisc.: DLDWNR72H24A952G<\/em><\/span><br \/><span style=\"color: #999999;\"><em>Web: www.autoservicedaldoss.it<\/em><\/span><br \/><span style=\"color: #999999;\"><em>E-Mail: autoservicedaldoss@hotmail.de<\/em><\/span><br \/><span style=\"color: #999999;\"><em>PEC-Mail: autoservicedaldoss@secure-pec.it<\/em><\/span><\/p>\n<p>&nbsp;<\/p>\n<p><span style=\"color: #999999;\"><strong>Was ist ein Cookie?<\/strong><\/span><\/p>\n<p><span style=\"color: #999999;\">Ein Cookie ist eine Textdatei welche durch den Besuch einer Webseite auf Ihrem Endger\u00e4t (PC, Tablet, Smartphone) gespeichert wird. Durch Cookies ist die Webseite in der Lage beim Erneuten Besuch Sprache, Schriftgr\u00f6\u00dfe und weitere Anzeigeeinstellungen automatisch in der zuletzt verwendeten Konfiguration zu laden. Cookies von dieser Webseite werden nicht zur Sammlung von personenbezogenen Information verwendet und stellen kein Sicherheitsrisiko f\u00fcr Ihr Endger\u00e4t dar.<\/span><\/p>\n<p><span style=\"color: #999999;\"><strong>Spezifikation der verschiedenen Arten von Cookies:<\/strong><\/span><\/p>\n<p><span style=\"color: #999999;\">Technische Cookies [ keine Zustimmung des Benutzers notwendig ]<\/span><\/p>\n<p><span style=\"color: #999999;\">Diese Cookies gew\u00e4hrleisten Funktionen, ohne die Sie diese Webseite nicht korrekt nutzen k\u00f6nnen. Diese Cookies werden ausschlie\u00dflich auf dieser Website verwendet und sind deshalb sogenannte First Party Cookies. Sie werden lediglich w\u00e4hrend der aktuellen Session auf Ihrem Computer gespeichert. Zu den technischen Cookies geh\u00f6ren auch die analytischen Cookies, die f\u00fcr Zugriffsstatistiken verwendet werden, die Informationen in allgemeiner Form sammeln und nicht die Identifizierung des Besuchers erm\u00f6glichen.<\/span><\/p>\n<p><span style=\"color: #999999;\">Profiling Cookies [Zustimmung des Benutzers notwendig]<\/span><\/p>\n<p><span style=\"color: #999999;\">Mit Profiling Cookies werden Benutzerdaten gesammelt, um dem selben Benutzer anschlie\u00dfend Werbebotschaften zu senden, die im Einklang mit seinen Interessen stehen.<\/span><\/p>\n<p><span style=\"color: #999999;\"><strong>Cookies von Drittanbietern<\/strong><\/span><\/p>\n<p><span style=\"color: #999999;\">Da es sich bei den hier verwendeten Cookies um Cookies anderer Websites handelt (sog. Cookies von Drittanbietern), besuchen Sie bitte nachfolgende Links um genauere Informationen zu erhalten:<\/span><\/p>\n<p><span style=\"color: #999999;\"><a style=\"color: #999999;\" href=\"http:\/\/www.google.com\/intl\/de\/policies\/technologies\/cookies\/\">Youtube, Google Analytics, Google Maps, Google Plus<\/a>, <a style=\"color: #999999;\" href=\"https:\/\/www.facebook.com\/help\/cookies\/\">Facebook<\/a>, <a style=\"color: #999999;\" href=\"http:\/\/www.cleverreach.com\/privacy\">Cleverreach<\/a><\/span><\/p>\n<p><span style=\"color: #999999;\"><strong>Kontrolle \u00fcber die Verwendung von Cookies beim Besuch von Websites<\/strong><\/span><\/p>\n<p><span style=\"color: #999999;\">Der Gro\u00dfteil der verbreiteten Browser erlaubt dem Benutzer die Deaktivierung von Cookies. Im Falle einer Deaktivierung von Cookies kann jedoch die ordnungsgem\u00e4\u00dfe Funktion der Webseite nicht garantiert werden.<\/span><\/p>\n<p><span style=\"color: #999999;\"><strong>Kurzanleitung zum Deaktivieren von Cookies in g\u00e4ngigen Browsern:<\/strong><\/span><\/p>\n<p><span style=\"color: #999999;\">Firefox:<\/span><\/p>\n<ul>\n<li><span style=\"color: #999999;\">\u00d6ffnen Sie den Firefox Browser.<\/span><\/li>\n<li><span style=\"color: #999999;\">Dr\u00fccken Sie die \u201eAlt\u201c Taste auf Ihrer Tastatur.<\/span><\/li>\n<li><span style=\"color: #999999;\">W\u00e4hlen Sie \u201eMen\u00fc\u201c und dann \u201eOptionen\u201c in Ihrer Funktionsleiste.<\/span><\/li>\n<li><span style=\"color: #999999;\">W\u00e4hlen Sie den Reiter \u201ePrivatsph\u00e4re\u201c aus.<\/span><\/li>\n<li><span style=\"color: #999999;\">W\u00e4hlen Sie f\u00fcr \u201eFirefox wird eine Chronik:\u201c \u201enach benutzerdefinierten Einstellungen anlegen\u201c aus.<\/span><\/li>\n<li><span style=\"color: #999999;\">Entfernen Sie die Markierung \u201eCookies akzeptieren\u201c und speichern Sie Ihre Einstellungen.<\/span><\/li>\n<\/ul>\n<p><span style=\"color: #999999;\">Internet Explorer:<\/span><\/p>\n<ul>\n<li><span style=\"color: #999999;\">\u00d6ffnen Sie den Internet Explorer.<\/span><\/li>\n<li><span style=\"color: #999999;\">Klicken Sie auf die Schaltfl\u00e4che \u201eExtras\u201c und dann auf \u201eInternetoptionen\u201c.<\/span><\/li>\n<li><span style=\"color: #999999;\">Klicken Sie auf die Registerkarte \u201eDatenschutz\u201c.<\/span><\/li>\n<li><span style=\"color: #999999;\">Im Reiter \u201eCookies\u201c k\u00f6nnen Sie die Markierung entfernen und Ihre Einstellungen speichern.<\/span><\/li>\n<li><span style=\"color: #999999;\">Google Chrome:<\/span><\/li>\n<\/ul>\n<p><span style=\"color: #999999;\">\u00d6ffnen Sie Google Chrome.<\/span><\/p>\n<ul>\n<li><span style=\"color: #999999;\">W\u00e4hlen Sie \u201cEinstellungen\u201d aus.<\/span><\/li>\n<li><span style=\"color: #999999;\">Klicken Sie auf \u201cErweiterte Einstellungen anzeigen\u201d.<\/span><\/li>\n<li><span style=\"color: #999999;\">Klicken Sie im Reiter \u201eDatenschutz\u201c auf \u201eInhaltseinstellungen\u201c.<\/span><\/li>\n<li><span style=\"color: #999999;\">Im Abschnitt \u201eCookies\u201c k\u00f6nnen Sie diese deaktivieren und Ihre Einstellungen speichern.<\/span><\/li>\n<\/ul>\n<p><span style=\"color: #999999;\">Safari:<\/span><\/p>\n<ul>\n<li><span style=\"color: #999999;\">\u00d6ffnen Sie Safari.<\/span><\/li>\n<li><span style=\"color: #999999;\">W\u00e4hlen Sie \u201eEinstellungen\u201c in der Funktionsliste (graues Zahnrad in der oberen, rechten Ecke) und klicken Sie auf \u201ePrivatsph\u00e4re\u201c.<\/span><\/li>\n<li><span style=\"color: #999999;\">Unter \u201eCookies akzeptieren\u201c k\u00f6nnen Sie spezifizieren ob und wann Safari Cookies von Websites akzeptieren soll. F\u00fcr mehr Informationen klicken Sie auf Hilfe (?).<\/span><\/li>\n<\/ul>\n<p><span style=\"color: #999999;\">Wenn Sie mehr \u00fcber die Cookies erfahren m\u00f6chten, die auf Ihrem Computer gespeichert werden, dann klicken Sie auf \u201eCookies anzeigen\u201c.<\/span><\/p>\n<p><span style=\"color: #999999;\">Weitere Informationen zum Thema Cookies finden Sie unter <a style=\"color: #999999;\" href=\"http:\/\/www.allaboutcookies.org\/\">www.allaboutcookies.org<\/a> oder unter <a style=\"color: #999999;\" href=\"http:\/\/www.youronlinechoices.eu\/\">www.youronlinechoices.eu<\/a><\/span><\/p>\n<p>&nbsp;<\/p><\/p>\n<\/div><div class=\"fusion-clearfix\"><\/div><\/div><\/div><\/div><\/div>","protected":false},"excerpt":{"rendered":"","protected":false},"author":1,"featured_media":0,"parent":0,"menu_order":0,"comment_status":"closed","ping_status":"closed","template":"","meta":{"_bbp_topic_count":0,"_bbp_reply_count":0,"_bbp_total_topic_count":0,"_bbp_total_reply_count":0,"_bbp_voice_count":0,"_bbp_anonymous_reply_count":0,"_bbp_topic_count_hidden":0,"_bbp_reply_count_hidden":0,"_bbp_forum_subforum_count":0},"_links":{"self":[{"href":"https:\/\/www.autoservicedaldoss.it\/index.php\/wp-json\/wp\/v2\/pages\/3"}],"collection":[{"href":"https:\/\/www.autoservicedaldoss.it\/index.php\/wp-json\/wp\/v2\/pages"}],"about":[{"href":"https:\/\/www.autoservicedaldoss.it\/index.php\/wp-json\/wp\/v2\/types\/page"}],"author":[{"embeddable":true,"href":"https:\/\/www.autoservicedaldoss.it\/index.php\/wp-json\/wp\/v2\/users\/1"}],"replies":[{"embeddable":true,"href":"https:\/\/www.autoservicedaldoss.it\/index.php\/wp-json\/wp\/v2\/comments?post=3"}],"version-history":[{"count":8,"href":"https:\/\/www.autoservicedaldoss.it\/index.php\/wp-json\/wp\/v2\/pages\/3\/revisions"}],"predecessor-version":[{"id":1184,"href":"https:\/\/www.autoservicedaldoss.it\/index.php\/wp-json\/wp\/v2\/pages\/3\/revisions\/1184"}],"wp:attachment":[{"href":"https:\/\/www.autoservicedaldoss.it\/index.php\/wp-json\/wp\/v2\/media?parent=3"}],"curies":[{"name":"wp","href":"https:\/\/api.w.org\/{rel}","templated":true}]}}